{"id":313,"date":"2024-11-21T18:21:18","date_gmt":"2024-11-21T16:21:18","guid":{"rendered":"https:\/\/ccd.isweb.ro\/?page_id=313"},"modified":"2024-11-22T12:38:04","modified_gmt":"2024-11-22T10:38:04","slug":"despre-noi","status":"publish","type":"page","link":"https:\/\/ccdfocsani.ro\/index.php\/despre-noi\/","title":{"rendered":"Despre noi"},"content":{"rendered":"\t\t<div data-elementor-type=\"wp-page\" data-elementor-id=\"313\" class=\"elementor elementor-313\">\n\t\t\t\t<div class=\"elementor-element elementor-element-909cddd e-flex e-con-boxed e-con e-parent\" data-id=\"909cddd\" data-element_type=\"container\">\n\t\t\t\t\t<div class=\"e-con-inner\">\n\t\t\t\t<div class=\"elementor-element elementor-element-2a11ed5 elementor-widget elementor-widget-spacer\" data-id=\"2a11ed5\" data-element_type=\"widget\" data-widget_type=\"spacer.default\">\n\t\t\t\t<div class=\"elementor-widget-container\">\n\t\t\t\t\t\t\t<div class=\"elementor-spacer\">\n\t\t\t<div class=\"elementor-spacer-inner\"><\/div>\n\t\t<\/div>\n\t\t\t\t\t\t<\/div>\n\t\t\t\t<\/div>\n\t\t\t\t\t<\/div>\n\t\t\t\t<\/div>\n\t\t<div class=\"elementor-element elementor-element-a0d8e7c e-grid e-con-boxed e-con e-parent\" data-id=\"a0d8e7c\" data-element_type=\"container\">\n\t\t\t\t\t<div class=\"e-con-inner\">\n\t\t\t\t<div class=\"elementor-element elementor-element-180b029 elementor-widget elementor-widget-text-editor\" data-id=\"180b029\" data-element_type=\"widget\" data-widget_type=\"text-editor.default\">\n\t\t\t\t<div class=\"elementor-widget-container\">\n\t\t\t\t\t\t\t\t\t<p><img fetchpriority=\"high\" decoding=\"async\" class=\"alignright wp-image-315 size-medium\" src=\"https:\/\/ccd.isweb.ro\/wp-content\/uploads\/2024\/11\/ccd-300x199.jpeg\" alt=\"\" width=\"300\" height=\"199\" srcset=\"https:\/\/ccdfocsani.ro\/wp-content\/uploads\/2024\/11\/ccd-300x199.jpeg 300w, https:\/\/ccdfocsani.ro\/wp-content\/uploads\/2024\/11\/ccd-1024x680.jpeg 1024w, https:\/\/ccdfocsani.ro\/wp-content\/uploads\/2024\/11\/ccd-768x510.jpeg 768w, https:\/\/ccdfocsani.ro\/wp-content\/uploads\/2024\/11\/ccd-1536x1020.jpeg 1536w, https:\/\/ccdfocsani.ro\/wp-content\/uploads\/2024\/11\/ccd-1000x664.jpeg 1000w, https:\/\/ccdfocsani.ro\/wp-content\/uploads\/2024\/11\/ccd-230x153.jpeg 230w, https:\/\/ccdfocsani.ro\/wp-content\/uploads\/2024\/11\/ccd-350x232.jpeg 350w, https:\/\/ccdfocsani.ro\/wp-content\/uploads\/2024\/11\/ccd-480x319.jpeg 480w, https:\/\/ccdfocsani.ro\/wp-content\/uploads\/2024\/11\/ccd.jpeg 2048w\" sizes=\"(max-width: 300px) 100vw, 300px\" \/><strong>Misiunea<\/strong> casei corpului didactic este de a promova inovatia si reforma in educatie, de a asigura cadrul pentru dezvoltarea personala si profesionala a personalului din invatamantul preuniversitar, in corelatie cu standardele profesionale pentru profesiunea didactica, standardele de calitate si competentele profesionale, precum si in conformitate cu politicile si strategiile nationale in domeniul educatiei.<\/p>\t\t\t\t\t\t\t\t<\/div>\n\t\t\t\t<\/div>\n\t\t\t\t\t<\/div>\n\t\t\t\t<\/div>\n\t\t<div class=\"elementor-element elementor-element-4af314b e-grid e-con-boxed e-con e-parent\" data-id=\"4af314b\" data-element_type=\"container\">\n\t\t\t\t\t<div class=\"e-con-inner\">\n\t\t\t\t<div class=\"elementor-element elementor-element-5a9ea32 elementor-widget elementor-widget-text-editor\" data-id=\"5a9ea32\" data-element_type=\"widget\" data-widget_type=\"text-editor.default\">\n\t\t\t\t<div class=\"elementor-widget-container\">\n\t\t\t\t\t\t\t\t\t<p>\u00cen contextul racord\u0103rii Rom\u00e2niei la standardele Uniunii Europene, Casa Corpului Didactic \u201dSimion Mehedin\u021bi\u201d Vrancea urm\u0103re\u0219te:<\/p>\n<p>&#8211; s\u0103 devin\u0103 un garant al calit\u0103\u021bii dezvolt\u0103rii profesionale a personalului didactic, av\u00e2nd un rol important \u00een reglarea sistemului de \u00eenv\u0103\u021b\u0103m\u00e2nt \u0219i \u00een asigurarea parteneriatului intern \u0219i extern;<\/p>\n<p>&#8211; s\u0103 constituie cadrul propice schimbului de idei, inform\u0103rii \u0219i document\u0103rii, din perspectiva direc\u021bion\u0103rii c\u0103tre o educa\u021bie deschis\u0103, flexibil\u0103 \u0219i eficient\u0103.<\/p>\n<p>Casa Corpului Didactic \u201dSimion Mehedin\u021bi\u201d Vrancea se define\u0219te prin capacitatea sa de autoevaluare, dezvoltare \u0219i promovare a culturii organiza\u021bionale, de rela\u021bionare cu mediul cultural, social \u0219i economic din comunitate.<\/p>\t\t\t\t\t\t\t\t<\/div>\n\t\t\t\t<\/div>\n\t\t\t\t\t<\/div>\n\t\t\t\t<\/div>\n\t\t<div class=\"elementor-element elementor-element-c14f021 e-grid e-con-boxed e-con e-parent\" data-id=\"c14f021\" data-element_type=\"container\">\n\t\t\t\t\t<div class=\"e-con-inner\">\n\t\t\t\t<div class=\"elementor-element elementor-element-338ff04 elementor-widget elementor-widget-text-editor\" data-id=\"338ff04\" data-element_type=\"widget\" data-widget_type=\"text-editor.default\">\n\t\t\t\t<div class=\"elementor-widget-container\">\n\t\t\t\t\t\t\t\t\t<p><strong>VALORI:<\/strong><\/p><ul><li>profesionalism<\/li><li>comunicare<\/li><li>creativitate si inovatie<\/li><li>lucrul in echipa<\/li><li>eficienta<\/li><li>receptivitate la nevoile de formare a cadrelor didactice<\/li><li>dezvoltarea si diversificare programelor de formare<\/li><\/ul>\t\t\t\t\t\t\t\t<\/div>\n\t\t\t\t<\/div>\n\t\t\t\t\t<\/div>\n\t\t\t\t<\/div>\n\t\t\t\t<\/div>\n\t\t","protected":false},"excerpt":{"rendered":"<p>Misiunea casei corpului didactic este de a promova inovatia si reforma in educatie, de a asigura cadrul pentru dezvoltarea personala si profesionala [&hellip;]<\/p>\n","protected":false},"author":1,"featured_media":0,"parent":0,"menu_order":0,"comment_status":"closed","ping_status":"closed","template":"","meta":{"footnotes":""},"class_list":["post-313","page","type-page","status-publish","hentry"],"_links":{"self":[{"href":"https:\/\/ccdfocsani.ro\/index.php\/wp-json\/wp\/v2\/pages\/313","targetHints":{"allow":["GET"]}}],"collection":[{"href":"https:\/\/ccdfocsani.ro\/index.php\/wp-json\/wp\/v2\/pages"}],"about":[{"href":"https:\/\/ccdfocsani.ro\/index.php\/wp-json\/wp\/v2\/types\/page"}],"author":[{"embeddable":true,"href":"https:\/\/ccdfocsani.ro\/index.php\/wp-json\/wp\/v2\/users\/1"}],"replies":[{"embeddable":true,"href":"https:\/\/ccdfocsani.ro\/index.php\/wp-json\/wp\/v2\/comments?post=313"}],"version-history":[{"count":16,"href":"https:\/\/ccdfocsani.ro\/index.php\/wp-json\/wp\/v2\/pages\/313\/revisions"}],"predecessor-version":[{"id":363,"href":"https:\/\/ccdfocsani.ro\/index.php\/wp-json\/wp\/v2\/pages\/313\/revisions\/363"}],"wp:attachment":[{"href":"https:\/\/ccdfocsani.ro\/index.php\/wp-json\/wp\/v2\/media?parent=313"}],"curies":[{"name":"wp","href":"https:\/\/api.w.org\/{rel}","templated":true}]}}